{"id":6036,"date":"2026-01-05T16:34:35","date_gmt":"2026-01-05T16:34:35","guid":{"rendered":"https:\/\/stage-crs.ch\/?page_id=6036"},"modified":"2026-04-07T11:58:58","modified_gmt":"2026-04-07T11:58:58","slug":"colophon","status":"publish","type":"page","link":"https:\/\/www.cooprecht.ch\/it\/colophon\/","title":{"rendered":"Colophon"},"content":{"rendered":"\t\t<div data-elementor-type=\"wp-page\" data-elementor-id=\"6036\" class=\"elementor elementor-6036 elementor-74\" data-elementor-post-type=\"page\">\n\t\t\t\t<div class=\"elementor-element elementor-element-2e1ed93 e-flex e-con-boxed e-con e-parent\" data-id=\"2e1ed93\" data-element_type=\"container\" data-e-type=\"container\">\n\t\t\t\t\t<div class=\"e-con-inner\">\n\t\t\t\t<div class=\"elementor-element elementor-element-f21c715 elementor-widget elementor-widget-heading\" data-id=\"f21c715\" data-element_type=\"widget\" data-e-type=\"widget\" data-widget_type=\"heading.default\">\n\t\t\t\t\t<h1 class=\"elementor-heading-title elementor-size-default\">Colophon<\/h1>\t\t\t\t<\/div>\n\t\t\t\t<div class=\"elementor-element elementor-element-f3d7ed7 elementor-widget elementor-widget-text-editor\" data-id=\"f3d7ed7\" data-element_type=\"widget\" data-e-type=\"widget\" data-widget_type=\"text-editor.default\">\n\t\t\t\t\t\t\t\t\t<p class=\"p1\"><b>Editore<\/b><\/p>\t\t\t\t\t\t\t\t<\/div>\n\t\t\t\t<div class=\"elementor-element elementor-element-66fc08c elementor-widget elementor-widget-text-editor\" data-id=\"66fc08c\" data-element_type=\"widget\" data-e-type=\"widget\" data-widget_type=\"text-editor.default\">\n\t\t\t\t\t\t\t\t\t<p class=\"p1\"><b>Gestore del sito web<\/b><b><\/b><\/p><p class=\"p1\">Coop Protezione Giuridica SA<\/p><p class=\"p1\"><b>Forma giuridica<\/b><b><\/b><\/p><p class=\"p1\">Societ\u00e0 anonima<\/p><p class=\"p1\"><b>Indirizzo postale \/ Sede centrale<\/b><b><\/b><\/p><p class=\"p1\">Entfelderstrasse 2<\/p><p class=\"p1\">5000 Aarau<\/p><p class=\"p1\"><b>Modalit\u00e0 di contatto<\/b><b><\/b><\/p><p class=\"p1\">Telefono: <span class=\"s1\">+41 62 836 00 00<\/span><\/p><p class=\"p1\">E-mail: <span class=\"s1\">info@cooprecht.ch<\/span><\/p><p class=\"p1\"><b>IDI (numero d\u2019identificazione delle imprese)<\/b><b><\/b><\/p><p class=\"p1\">CHE-116.344.173<\/p><p class=\"p1\"><b>Autorit\u00e0 di vigilanza<\/b><b><\/b><\/p><p class=\"p1\">Autorit\u00e0 federale di vigilanza sui mercati finanziari (FINMA)<\/p><p class=\"p1\"><b>Esclusione di responsabilit\u00e0 \/ Disclaimer<\/b><b><\/b><\/p><p class=\"p1\">Le informazioni contenute nel presente sito web hanno esclusivamente finalit\u00e0 informative di carattere generale e non costituiscono consulenza legale.<\/p><p class=\"p1\"><b>Link a siti web esterni<\/b><b><\/b><\/p><p class=\"p1\">Non ci assumiamo alcuna responsabilit\u00e0 per i contenuti di siti web esterni.<\/p><p class=\"p1\"><b>Foro competente \/ Diritto applicabile<\/b><b><\/b><\/p><p class=\"p1\">Trova applicazione il diritto svizzero. Il foro competente \u00e8 Aarau.<\/p>\t\t\t\t\t\t\t\t<\/div>\n\t\t\t\t<div class=\"elementor-element elementor-element-1ba6ab8 elementor-widget elementor-widget-text-editor\" data-id=\"1ba6ab8\" data-element_type=\"widget\" data-e-type=\"widget\" data-widget_type=\"text-editor.default\">\n\t\t\t\t\t\t\t\t\t<p><b>Protezione dei dati e cookie<\/b><\/p>\t\t\t\t\t\t\t\t<\/div>\n\t\t\t\t<div class=\"elementor-element elementor-element-9ac87e0 elementor-widget elementor-widget-text-editor\" data-id=\"9ac87e0\" data-element_type=\"widget\" data-e-type=\"widget\" data-widget_type=\"text-editor.default\">\n\t\t\t\t\t\t\t\t\t<p>Le informazioni sul trattamento dei dati sono disponibili nella nostra <a href=\"https:\/\/www.cooprecht.ch\/it\/informativa-sulla-protezione-dei-dati\/\"><span style=\"text-decoration: underline;\"><span class=\"s1\">informativa sulla protezione dei dati<\/span><\/span><\/a>.<\/p>\t\t\t\t\t\t\t\t<\/div>\n\t\t\t\t\t<\/div>\n\t\t\t\t<\/div>\n\t\t\t\t<\/div>\n\t\t","protected":false},"excerpt":{"rendered":"<p>Colophon Editore Gestore del sito web Coop Protezione Giuridica SA Forma giuridica Societ\u00e0 anonima Indirizzo postale \/ Sede centrale Entfelderstrasse 2 5000 Aarau Modalit\u00e0 di contatto Telefono: +41 62 836 00 00 E-mail: info@cooprecht.ch IDI (numero d\u2019identificazione delle imprese) CHE-116.344.173 Autorit\u00e0 di vigilanza Autorit\u00e0 federale di vigilanza sui mercati finanziari (FINMA) Esclusione di responsabilit\u00e0 \/ [&hellip;]<\/p>\n","protected":false},"author":4,"featured_media":0,"parent":0,"menu_order":0,"comment_status":"closed","ping_status":"closed","template":"","meta":{"_acf_changed":false,"inline_featured_image":false,"footnotes":""},"class_list":["post-6036","page","type-page","status-publish","hentry"],"acf":[],"yoast_head":"<!-- This site is optimized with the Yoast SEO plugin v27.3 - https:\/\/yoast.com\/product\/yoast-seo-wordpress\/ -->\n<title>Colophon - Coop Rechtsschutz AG<\/title>\n<meta name=\"robots\" content=\"index, follow, max-snippet:-1, max-image-preview:large, max-video-preview:-1\" \/>\n<link rel=\"canonical\" href=\"https:\/\/www.cooprecht.ch\/it\/colophon\/\" \/>\n<meta property=\"og:locale\" content=\"it_IT\" \/>\n<meta property=\"og:type\" content=\"article\" \/>\n<meta property=\"og:title\" content=\"Colophon - Coop Rechtsschutz AG\" \/>\n<meta property=\"og:description\" content=\"Colophon Editore Gestore del sito web Coop Protezione Giuridica SA Forma giuridica Societ\u00e0 anonima Indirizzo postale \/ Sede centrale Entfelderstrasse 2 5000 Aarau Modalit\u00e0 di contatto Telefono: +41 62 836 00 00 E-mail: info@cooprecht.ch IDI (numero d\u2019identificazione delle imprese) CHE-116.344.173 Autorit\u00e0 di vigilanza Autorit\u00e0 federale di vigilanza sui mercati finanziari (FINMA) Esclusione di responsabilit\u00e0 \/ [&hellip;]\" \/>\n<meta property=\"og:url\" content=\"https:\/\/www.cooprecht.ch\/it\/colophon\/\" \/>\n<meta property=\"og:site_name\" content=\"Coop Rechtsschutz AG\" \/>\n<meta property=\"article:modified_time\" content=\"2026-04-07T11:58:58+00:00\" \/>\n<meta name=\"twitter:card\" content=\"summary_large_image\" \/>\n<meta name=\"twitter:label1\" content=\"Tempo di lettura stimato\" \/>\n\t<meta name=\"twitter:data1\" content=\"1 minuto\" \/>\n<script type=\"application\/ld+json\" class=\"yoast-schema-graph\">{\"@context\":\"https:\\\/\\\/schema.org\",\"@graph\":[{\"@type\":\"WebPage\",\"@id\":\"https:\\\/\\\/www.cooprecht.ch\\\/it\\\/colophon\\\/\",\"url\":\"https:\\\/\\\/www.cooprecht.ch\\\/it\\\/colophon\\\/\",\"name\":\"Colophon - Coop Rechtsschutz AG\",\"isPartOf\":{\"@id\":\"https:\\\/\\\/www.cooprecht.ch\\\/de\\\/#website\"},\"datePublished\":\"2026-01-05T16:34:35+00:00\",\"dateModified\":\"2026-04-07T11:58:58+00:00\",\"breadcrumb\":{\"@id\":\"https:\\\/\\\/www.cooprecht.ch\\\/it\\\/colophon\\\/#breadcrumb\"},\"inLanguage\":\"it-IT\",\"potentialAction\":[{\"@type\":\"ReadAction\",\"target\":[\"https:\\\/\\\/www.cooprecht.ch\\\/it\\\/colophon\\\/\"]}]},{\"@type\":\"BreadcrumbList\",\"@id\":\"https:\\\/\\\/www.cooprecht.ch\\\/it\\\/colophon\\\/#breadcrumb\",\"itemListElement\":[{\"@type\":\"ListItem\",\"position\":1,\"name\":\"Start\",\"item\":\"https:\\\/\\\/www.cooprecht.ch\\\/de\\\/\"},{\"@type\":\"ListItem\",\"position\":2,\"name\":\"Colophon\"}]},{\"@type\":\"WebSite\",\"@id\":\"https:\\\/\\\/www.cooprecht.ch\\\/de\\\/#website\",\"url\":\"https:\\\/\\\/www.cooprecht.ch\\\/de\\\/\",\"name\":\"Coop Rechtsschutz AG\",\"description\":\"\",\"publisher\":{\"@id\":\"https:\\\/\\\/www.cooprecht.ch\\\/de\\\/#organization\"},\"potentialAction\":[{\"@type\":\"SearchAction\",\"target\":{\"@type\":\"EntryPoint\",\"urlTemplate\":\"https:\\\/\\\/www.cooprecht.ch\\\/de\\\/?s={search_term_string}\"},\"query-input\":{\"@type\":\"PropertyValueSpecification\",\"valueRequired\":true,\"valueName\":\"search_term_string\"}}],\"inLanguage\":\"it-IT\"},{\"@type\":\"Organization\",\"@id\":\"https:\\\/\\\/www.cooprecht.ch\\\/de\\\/#organization\",\"name\":\"Coop Rechtsschutz AG\",\"url\":\"https:\\\/\\\/www.cooprecht.ch\\\/de\\\/\",\"logo\":{\"@type\":\"ImageObject\",\"inLanguage\":\"it-IT\",\"@id\":\"https:\\\/\\\/www.cooprecht.ch\\\/de\\\/#\\\/schema\\\/logo\\\/image\\\/\",\"url\":\"https:\\\/\\\/www.cooprecht.ch\\\/wp-content\\\/uploads\\\/2026\\\/03\\\/logo_cooprecht.webp\",\"contentUrl\":\"https:\\\/\\\/www.cooprecht.ch\\\/wp-content\\\/uploads\\\/2026\\\/03\\\/logo_cooprecht.webp\",\"width\":252,\"height\":24,\"caption\":\"Coop Rechtsschutz AG\"},\"image\":{\"@id\":\"https:\\\/\\\/www.cooprecht.ch\\\/de\\\/#\\\/schema\\\/logo\\\/image\\\/\"}}]}<\/script>\n<!-- \/ Yoast SEO plugin. -->","yoast_head_json":{"title":"Colophon - Coop Rechtsschutz AG","robots":{"index":"index","follow":"follow","max-snippet":"max-snippet:-1","max-image-preview":"max-image-preview:large","max-video-preview":"max-video-preview:-1"},"canonical":"https:\/\/www.cooprecht.ch\/it\/colophon\/","og_locale":"it_IT","og_type":"article","og_title":"Colophon - Coop Rechtsschutz AG","og_description":"Colophon Editore Gestore del sito web Coop Protezione Giuridica SA Forma giuridica Societ\u00e0 anonima Indirizzo postale \/ Sede centrale Entfelderstrasse 2 5000 Aarau Modalit\u00e0 di contatto Telefono: +41 62 836 00 00 E-mail: info@cooprecht.ch IDI (numero d\u2019identificazione delle imprese) CHE-116.344.173 Autorit\u00e0 di vigilanza Autorit\u00e0 federale di vigilanza sui mercati finanziari (FINMA) Esclusione di responsabilit\u00e0 \/ [&hellip;]","og_url":"https:\/\/www.cooprecht.ch\/it\/colophon\/","og_site_name":"Coop Rechtsschutz AG","article_modified_time":"2026-04-07T11:58:58+00:00","twitter_card":"summary_large_image","twitter_misc":{"Tempo di lettura stimato":"1 minuto"},"schema":{"@context":"https:\/\/schema.org","@graph":[{"@type":"WebPage","@id":"https:\/\/www.cooprecht.ch\/it\/colophon\/","url":"https:\/\/www.cooprecht.ch\/it\/colophon\/","name":"Colophon - Coop Rechtsschutz AG","isPartOf":{"@id":"https:\/\/www.cooprecht.ch\/de\/#website"},"datePublished":"2026-01-05T16:34:35+00:00","dateModified":"2026-04-07T11:58:58+00:00","breadcrumb":{"@id":"https:\/\/www.cooprecht.ch\/it\/colophon\/#breadcrumb"},"inLanguage":"it-IT","potentialAction":[{"@type":"ReadAction","target":["https:\/\/www.cooprecht.ch\/it\/colophon\/"]}]},{"@type":"BreadcrumbList","@id":"https:\/\/www.cooprecht.ch\/it\/colophon\/#breadcrumb","itemListElement":[{"@type":"ListItem","position":1,"name":"Start","item":"https:\/\/www.cooprecht.ch\/de\/"},{"@type":"ListItem","position":2,"name":"Colophon"}]},{"@type":"WebSite","@id":"https:\/\/www.cooprecht.ch\/de\/#website","url":"https:\/\/www.cooprecht.ch\/de\/","name":"Coop Rechtsschutz AG","description":"","publisher":{"@id":"https:\/\/www.cooprecht.ch\/de\/#organization"},"potentialAction":[{"@type":"SearchAction","target":{"@type":"EntryPoint","urlTemplate":"https:\/\/www.cooprecht.ch\/de\/?s={search_term_string}"},"query-input":{"@type":"PropertyValueSpecification","valueRequired":true,"valueName":"search_term_string"}}],"inLanguage":"it-IT"},{"@type":"Organization","@id":"https:\/\/www.cooprecht.ch\/de\/#organization","name":"Coop Rechtsschutz AG","url":"https:\/\/www.cooprecht.ch\/de\/","logo":{"@type":"ImageObject","inLanguage":"it-IT","@id":"https:\/\/www.cooprecht.ch\/de\/#\/schema\/logo\/image\/","url":"https:\/\/www.cooprecht.ch\/wp-content\/uploads\/2026\/03\/logo_cooprecht.webp","contentUrl":"https:\/\/www.cooprecht.ch\/wp-content\/uploads\/2026\/03\/logo_cooprecht.webp","width":252,"height":24,"caption":"Coop Rechtsschutz AG"},"image":{"@id":"https:\/\/www.cooprecht.ch\/de\/#\/schema\/logo\/image\/"}}]}},"_links":{"self":[{"href":"https:\/\/www.cooprecht.ch\/it\/wp-json\/wp\/v2\/pages\/6036","targetHints":{"allow":["GET"]}}],"collection":[{"href":"https:\/\/www.cooprecht.ch\/it\/wp-json\/wp\/v2\/pages"}],"about":[{"href":"https:\/\/www.cooprecht.ch\/it\/wp-json\/wp\/v2\/types\/page"}],"author":[{"embeddable":true,"href":"https:\/\/www.cooprecht.ch\/it\/wp-json\/wp\/v2\/users\/4"}],"replies":[{"embeddable":true,"href":"https:\/\/www.cooprecht.ch\/it\/wp-json\/wp\/v2\/comments?post=6036"}],"version-history":[{"count":6,"href":"https:\/\/www.cooprecht.ch\/it\/wp-json\/wp\/v2\/pages\/6036\/revisions"}],"predecessor-version":[{"id":6515,"href":"https:\/\/www.cooprecht.ch\/it\/wp-json\/wp\/v2\/pages\/6036\/revisions\/6515"}],"wp:attachment":[{"href":"https:\/\/www.cooprecht.ch\/it\/wp-json\/wp\/v2\/media?parent=6036"}],"curies":[{"name":"wp","href":"https:\/\/api.w.org\/{rel}","templated":true}]}}