{"id":4654,"date":"2026-01-05T16:35:05","date_gmt":"2026-01-05T16:35:05","guid":{"rendered":"https:\/\/stage-crs.ch\/schlichtung-schweiz\/"},"modified":"2026-04-14T12:57:52","modified_gmt":"2026-04-14T12:57:52","slug":"schlichtung-schweiz","status":"publish","type":"page","link":"https:\/\/www.cooprecht.ch\/it\/schlichtung-schweiz\/","title":{"rendered":"Schlichtung Schweiz"},"content":{"rendered":"\t\t<div data-elementor-type=\"wp-page\" data-elementor-id=\"4654\" class=\"elementor elementor-4654 elementor-76\" data-elementor-post-type=\"page\">\n\t\t\t\t<div class=\"elementor-element elementor-element-708a1d9 e-flex e-con-boxed e-con e-parent\" data-id=\"708a1d9\" data-element_type=\"container\" data-e-type=\"container\">\n\t\t\t\t\t<div class=\"e-con-inner\">\n\t\t\t\t<div class=\"elementor-element elementor-element-5a38eee elementor-widget elementor-widget-heading\" data-id=\"5a38eee\" data-element_type=\"widget\" data-e-type=\"widget\" data-widget_type=\"heading.default\">\n\t\t\t\t\t<h1 class=\"elementor-heading-title elementor-size-default\">Schlichtung Schweiz<\/h1>\t\t\t\t<\/div>\n\t\t\t\t<div class=\"elementor-element elementor-element-087e63f elementor-widget elementor-widget-text-editor\" data-id=\"087e63f\" data-element_type=\"widget\" data-e-type=\"widget\" data-widget_type=\"text-editor.default\">\n\t\t\t\t\t\t\t\t\tSchlichtung Schweiz \u00e8 una piattaforma online svizzera indipendente e neutrale per la risoluzione efficiente delle controversie legali. L&#8217;obiettivo \u00e8 creare pace legale attraverso una soluzione consensuale con tutte le parti. In questo modo si pu\u00f2 evitare un contenzioso giudiziario. Il gestore di Schlichtung Schweiz \u00e8 Coop Rechtsschutz AG, Entfelderstrasse 2, 5000 Aarau.<br><br>Schlichtung Schweiz consente di risolvere le controversie in pochi giorni con una procedura completamente automatizzata online, indipendentemente dal luogo e senza contatto personale tra le parti.<br><br>Per domande su Schlichtung Schweiz, il nostro Head of Innovation &amp; LegalTech, Ioannis Martinis, \u00e8 a vostra disposizione via e-mail all&#8217;indirizzo <a href=\"mailto:ioannis.martinis@cooprecht.ch\">ioannis.martinis@cooprecht.ch<\/a><br><br>Ulteriori informazioni sull&#8217;offerta sono disponibili su: <a href=\"https:\/\/schlichtungschweiz.ch\/\" target=\"_blank\" rel=\"noopener\">https:\/\/schlichtungschweiz.ch<\/a>\t\t\t\t\t\t\t\t<\/div>\n\t\t\t\t\t<\/div>\n\t\t\t\t<\/div>\n\t\t\t\t<\/div>\n\t\t","protected":false},"excerpt":{"rendered":"<p>Schlichtung Schweiz Schlichtung Schweiz \u00e8 una piattaforma online svizzera indipendente e neutrale per la risoluzione efficiente delle controversie legali. L&#8217;obiettivo \u00e8 creare pace legale attraverso una soluzione consensuale con tutte le parti. In questo modo si pu\u00f2 evitare un contenzioso giudiziario. Il gestore di Schlichtung Schweiz \u00e8 Coop Rechtsschutz AG, Entfelderstrasse 2, 5000 Aarau. Schlichtung [&hellip;]<\/p>\n","protected":false},"author":2,"featured_media":0,"parent":0,"menu_order":0,"comment_status":"closed","ping_status":"closed","template":"","meta":{"_acf_changed":false,"inline_featured_image":false,"footnotes":""},"class_list":["post-4654","page","type-page","status-publish","hentry"],"acf":[],"yoast_head":"<!-- This site is optimized with the Yoast SEO plugin v27.4 - https:\/\/yoast.com\/product\/yoast-seo-wordpress\/ -->\n<title>Schlichtung Schweiz - Coop Rechtsschutz AG<\/title>\n<meta name=\"robots\" content=\"index, follow, max-snippet:-1, max-image-preview:large, max-video-preview:-1\" \/>\n<link rel=\"canonical\" href=\"https:\/\/www.cooprecht.ch\/de\/schlichtung-schweiz\/\" \/>\n<meta property=\"og:locale\" content=\"it_IT\" \/>\n<meta property=\"og:type\" content=\"article\" \/>\n<meta property=\"og:title\" content=\"Schlichtung Schweiz - Coop Rechtsschutz AG\" \/>\n<meta property=\"og:description\" content=\"Schlichtung Schweiz Schlichtung Schweiz \u00e8 una piattaforma online svizzera indipendente e neutrale per la risoluzione efficiente delle controversie legali. L&#8217;obiettivo \u00e8 creare pace legale attraverso una soluzione consensuale con tutte le parti. In questo modo si pu\u00f2 evitare un contenzioso giudiziario. Il gestore di Schlichtung Schweiz \u00e8 Coop Rechtsschutz AG, Entfelderstrasse 2, 5000 Aarau. Schlichtung [&hellip;]\" \/>\n<meta property=\"og:url\" content=\"https:\/\/www.cooprecht.ch\/de\/schlichtung-schweiz\/\" \/>\n<meta property=\"og:site_name\" content=\"Coop Rechtsschutz AG\" \/>\n<meta property=\"article:modified_time\" content=\"2026-04-14T12:57:52+00:00\" \/>\n<meta name=\"twitter:card\" content=\"summary_large_image\" \/>\n<meta name=\"twitter:label1\" content=\"Tempo di lettura stimato\" \/>\n\t<meta name=\"twitter:data1\" content=\"1 minuto\" \/>\n<script type=\"application\/ld+json\" class=\"yoast-schema-graph\">{\"@context\":\"https:\\\/\\\/schema.org\",\"@graph\":[{\"@type\":\"WebPage\",\"@id\":\"https:\\\/\\\/www.cooprecht.ch\\\/de\\\/schlichtung-schweiz\\\/\",\"url\":\"https:\\\/\\\/www.cooprecht.ch\\\/de\\\/schlichtung-schweiz\\\/\",\"name\":\"Schlichtung Schweiz - Coop Rechtsschutz AG\",\"isPartOf\":{\"@id\":\"https:\\\/\\\/www.cooprecht.ch\\\/de\\\/#website\"},\"datePublished\":\"2026-01-05T16:35:05+00:00\",\"dateModified\":\"2026-04-14T12:57:52+00:00\",\"breadcrumb\":{\"@id\":\"https:\\\/\\\/www.cooprecht.ch\\\/de\\\/schlichtung-schweiz\\\/#breadcrumb\"},\"inLanguage\":\"it-IT\",\"potentialAction\":[{\"@type\":\"ReadAction\",\"target\":[\"https:\\\/\\\/www.cooprecht.ch\\\/de\\\/schlichtung-schweiz\\\/\"]}]},{\"@type\":\"BreadcrumbList\",\"@id\":\"https:\\\/\\\/www.cooprecht.ch\\\/de\\\/schlichtung-schweiz\\\/#breadcrumb\",\"itemListElement\":[{\"@type\":\"ListItem\",\"position\":1,\"name\":\"Start\",\"item\":\"https:\\\/\\\/www.cooprecht.ch\\\/it\\\/home\\\/\"},{\"@type\":\"ListItem\",\"position\":2,\"name\":\"Schlichtung Schweiz\"}]},{\"@type\":\"WebSite\",\"@id\":\"https:\\\/\\\/www.cooprecht.ch\\\/de\\\/#website\",\"url\":\"https:\\\/\\\/www.cooprecht.ch\\\/de\\\/\",\"name\":\"Coop Rechtsschutz AG\",\"description\":\"\",\"publisher\":{\"@id\":\"https:\\\/\\\/www.cooprecht.ch\\\/de\\\/#organization\"},\"potentialAction\":[{\"@type\":\"SearchAction\",\"target\":{\"@type\":\"EntryPoint\",\"urlTemplate\":\"https:\\\/\\\/www.cooprecht.ch\\\/de\\\/?s={search_term_string}\"},\"query-input\":{\"@type\":\"PropertyValueSpecification\",\"valueRequired\":true,\"valueName\":\"search_term_string\"}}],\"inLanguage\":\"it-IT\"},{\"@type\":\"Organization\",\"@id\":\"https:\\\/\\\/www.cooprecht.ch\\\/de\\\/#organization\",\"name\":\"Coop Rechtsschutz AG\",\"url\":\"https:\\\/\\\/www.cooprecht.ch\\\/de\\\/\",\"logo\":{\"@type\":\"ImageObject\",\"inLanguage\":\"it-IT\",\"@id\":\"https:\\\/\\\/www.cooprecht.ch\\\/de\\\/#\\\/schema\\\/logo\\\/image\\\/\",\"url\":\"https:\\\/\\\/www.cooprecht.ch\\\/wp-content\\\/uploads\\\/2026\\\/03\\\/logo_cooprecht.webp\",\"contentUrl\":\"https:\\\/\\\/www.cooprecht.ch\\\/wp-content\\\/uploads\\\/2026\\\/03\\\/logo_cooprecht.webp\",\"width\":252,\"height\":24,\"caption\":\"Coop Rechtsschutz AG\"},\"image\":{\"@id\":\"https:\\\/\\\/www.cooprecht.ch\\\/de\\\/#\\\/schema\\\/logo\\\/image\\\/\"}}]}<\/script>\n<!-- \/ Yoast SEO plugin. -->","yoast_head_json":{"title":"Schlichtung Schweiz - Coop Rechtsschutz AG","robots":{"index":"index","follow":"follow","max-snippet":"max-snippet:-1","max-image-preview":"max-image-preview:large","max-video-preview":"max-video-preview:-1"},"canonical":"https:\/\/www.cooprecht.ch\/de\/schlichtung-schweiz\/","og_locale":"it_IT","og_type":"article","og_title":"Schlichtung Schweiz - Coop Rechtsschutz AG","og_description":"Schlichtung Schweiz Schlichtung Schweiz \u00e8 una piattaforma online svizzera indipendente e neutrale per la risoluzione efficiente delle controversie legali. L&#8217;obiettivo \u00e8 creare pace legale attraverso una soluzione consensuale con tutte le parti. In questo modo si pu\u00f2 evitare un contenzioso giudiziario. Il gestore di Schlichtung Schweiz \u00e8 Coop Rechtsschutz AG, Entfelderstrasse 2, 5000 Aarau. Schlichtung [&hellip;]","og_url":"https:\/\/www.cooprecht.ch\/de\/schlichtung-schweiz\/","og_site_name":"Coop Rechtsschutz AG","article_modified_time":"2026-04-14T12:57:52+00:00","twitter_card":"summary_large_image","twitter_misc":{"Tempo di lettura stimato":"1 minuto"},"schema":{"@context":"https:\/\/schema.org","@graph":[{"@type":"WebPage","@id":"https:\/\/www.cooprecht.ch\/de\/schlichtung-schweiz\/","url":"https:\/\/www.cooprecht.ch\/de\/schlichtung-schweiz\/","name":"Schlichtung Schweiz - Coop Rechtsschutz AG","isPartOf":{"@id":"https:\/\/www.cooprecht.ch\/de\/#website"},"datePublished":"2026-01-05T16:35:05+00:00","dateModified":"2026-04-14T12:57:52+00:00","breadcrumb":{"@id":"https:\/\/www.cooprecht.ch\/de\/schlichtung-schweiz\/#breadcrumb"},"inLanguage":"it-IT","potentialAction":[{"@type":"ReadAction","target":["https:\/\/www.cooprecht.ch\/de\/schlichtung-schweiz\/"]}]},{"@type":"BreadcrumbList","@id":"https:\/\/www.cooprecht.ch\/de\/schlichtung-schweiz\/#breadcrumb","itemListElement":[{"@type":"ListItem","position":1,"name":"Start","item":"https:\/\/www.cooprecht.ch\/it\/home\/"},{"@type":"ListItem","position":2,"name":"Schlichtung Schweiz"}]},{"@type":"WebSite","@id":"https:\/\/www.cooprecht.ch\/de\/#website","url":"https:\/\/www.cooprecht.ch\/de\/","name":"Coop Rechtsschutz AG","description":"","publisher":{"@id":"https:\/\/www.cooprecht.ch\/de\/#organization"},"potentialAction":[{"@type":"SearchAction","target":{"@type":"EntryPoint","urlTemplate":"https:\/\/www.cooprecht.ch\/de\/?s={search_term_string}"},"query-input":{"@type":"PropertyValueSpecification","valueRequired":true,"valueName":"search_term_string"}}],"inLanguage":"it-IT"},{"@type":"Organization","@id":"https:\/\/www.cooprecht.ch\/de\/#organization","name":"Coop Rechtsschutz AG","url":"https:\/\/www.cooprecht.ch\/de\/","logo":{"@type":"ImageObject","inLanguage":"it-IT","@id":"https:\/\/www.cooprecht.ch\/de\/#\/schema\/logo\/image\/","url":"https:\/\/www.cooprecht.ch\/wp-content\/uploads\/2026\/03\/logo_cooprecht.webp","contentUrl":"https:\/\/www.cooprecht.ch\/wp-content\/uploads\/2026\/03\/logo_cooprecht.webp","width":252,"height":24,"caption":"Coop Rechtsschutz AG"},"image":{"@id":"https:\/\/www.cooprecht.ch\/de\/#\/schema\/logo\/image\/"}}]}},"_links":{"self":[{"href":"https:\/\/www.cooprecht.ch\/it\/wp-json\/wp\/v2\/pages\/4654","targetHints":{"allow":["GET"]}}],"collection":[{"href":"https:\/\/www.cooprecht.ch\/it\/wp-json\/wp\/v2\/pages"}],"about":[{"href":"https:\/\/www.cooprecht.ch\/it\/wp-json\/wp\/v2\/types\/page"}],"author":[{"embeddable":true,"href":"https:\/\/www.cooprecht.ch\/it\/wp-json\/wp\/v2\/users\/2"}],"replies":[{"embeddable":true,"href":"https:\/\/www.cooprecht.ch\/it\/wp-json\/wp\/v2\/comments?post=4654"}],"version-history":[{"count":2,"href":"https:\/\/www.cooprecht.ch\/it\/wp-json\/wp\/v2\/pages\/4654\/revisions"}],"predecessor-version":[{"id":6893,"href":"https:\/\/www.cooprecht.ch\/it\/wp-json\/wp\/v2\/pages\/4654\/revisions\/6893"}],"wp:attachment":[{"href":"https:\/\/www.cooprecht.ch\/it\/wp-json\/wp\/v2\/media?parent=4654"}],"curies":[{"name":"wp","href":"https:\/\/api.w.org\/{rel}","templated":true}]}}