{"id":3511,"date":"2026-01-05T16:34:35","date_gmt":"2026-01-05T16:34:35","guid":{"rendered":"https:\/\/stage-crs.ch\/?page_id=3511"},"modified":"2026-04-07T11:58:03","modified_gmt":"2026-04-07T11:58:03","slug":"imprimer","status":"publish","type":"page","link":"https:\/\/www.cooprecht.ch\/fr\/imprimer\/","title":{"rendered":"Imprimer"},"content":{"rendered":"\t\t<div data-elementor-type=\"wp-page\" data-elementor-id=\"3511\" class=\"elementor elementor-3511 elementor-74\" data-elementor-post-type=\"page\">\n\t\t\t\t<div class=\"elementor-element elementor-element-2e1ed93 e-flex e-con-boxed e-con e-parent\" data-id=\"2e1ed93\" data-element_type=\"container\" data-e-type=\"container\">\n\t\t\t\t\t<div class=\"e-con-inner\">\n\t\t\t\t<div class=\"elementor-element elementor-element-f21c715 elementor-widget elementor-widget-heading\" data-id=\"f21c715\" data-element_type=\"widget\" data-e-type=\"widget\" data-widget_type=\"heading.default\">\n\t\t\t\t\t<h1 class=\"elementor-heading-title elementor-size-default\">Mentions l\u00e9gales<\/h1>\t\t\t\t<\/div>\n\t\t\t\t<div class=\"elementor-element elementor-element-f3d7ed7 elementor-widget elementor-widget-text-editor\" data-id=\"f3d7ed7\" data-element_type=\"widget\" data-e-type=\"widget\" data-widget_type=\"text-editor.default\">\n\t\t\t\t\t\t\t\t\t<p class=\"p1\"><b>\u00c9diteur<\/b><\/p>\t\t\t\t\t\t\t\t<\/div>\n\t\t\t\t<div class=\"elementor-element elementor-element-66fc08c elementor-widget elementor-widget-text-editor\" data-id=\"66fc08c\" data-element_type=\"widget\" data-e-type=\"widget\" data-widget_type=\"text-editor.default\">\n\t\t\t\t\t\t\t\t\t<p class=\"p1\"><b>Exploitant du site Internet<\/b><b><\/b><\/p><p class=\"p1\">Coop Protection Juridique SA<\/p><p class=\"p1\"><b>Forme juridique<\/b><b><\/b><\/p><p class=\"p1\">Soci\u00e9t\u00e9 anonyme<\/p><p class=\"p1\"><b>Adresse postale\/si\u00e8ge social<\/b><b><\/b><\/p><p class=\"p1\">Entfelderstrasse 2<\/p><p class=\"p1\">5000 Aarau<\/p><p class=\"p1\"><b>Possibilit\u00e9s de contact<\/b><b><\/b><\/p><p class=\"p1\">T\u00e9l\u00e9phone: <span class=\"s1\">+41 62 836 00 00<\/span><\/p><p class=\"p1\">E-mail: <span class=\"s1\">info@cooprecht.ch<\/span><\/p><p class=\"p1\"><b>IDE (num\u00e9ro d\u2019identification des entreprises)<\/b><b><\/b><\/p><p class=\"p1\">CHE-116.344.173<\/p><p class=\"p1\"><b>Autorit\u00e9 de surveillance<\/b><b><\/b><\/p><p class=\"p1\">Autorit\u00e9 f\u00e9d\u00e9rale de surveillance des march\u00e9s financiers (FINMA)<\/p><p class=\"p1\"><b>Exclusion de responsabilit\u00e9\/disclaimer<\/b><b><\/b><\/p><p class=\"p1\">Les informations figurant sur ce site Internet ont pour seul but de fournir des renseignements d\u2019ordre g\u00e9n\u00e9ral et ne constituent pas un conseil juridique.<\/p><p class=\"p1\"><b>Liens vers des sites Web externes<\/b><b><\/b><\/p><p class=\"p1\">Nous d\u00e9clinons toute responsabilit\u00e9 quant au contenu des sites externes.<\/p><p class=\"p1\"><b>For juridique\/droit applicable<\/b><b><\/b><\/p><p class=\"p1\">Le droit suisse s\u2019applique. Le for juridique est Aarau.<\/p>\t\t\t\t\t\t\t\t<\/div>\n\t\t\t\t<div class=\"elementor-element elementor-element-1ba6ab8 elementor-widget elementor-widget-text-editor\" data-id=\"1ba6ab8\" data-element_type=\"widget\" data-e-type=\"widget\" data-widget_type=\"text-editor.default\">\n\t\t\t\t\t\t\t\t\t<p><b>Protection des donn\u00e9es et cookies<\/b><\/p>\t\t\t\t\t\t\t\t<\/div>\n\t\t\t\t<div class=\"elementor-element elementor-element-9ac87e0 elementor-widget elementor-widget-text-editor\" data-id=\"9ac87e0\" data-element_type=\"widget\" data-e-type=\"widget\" data-widget_type=\"text-editor.default\">\n\t\t\t\t\t\t\t\t\t<p class=\"p1\">Vous trouverez des informations sur le traitement de vos donn\u00e9es dans notre <span class=\"s1\">d\u00e9claration sur la <a href=\"https:\/\/www.cooprecht.ch\/fr\/declaration-relative-a-la-protection-des-donnees\/\"><span style=\"text-decoration: underline;\">protection des donn\u00e9es<\/span><\/a><\/span>.<\/p>\t\t\t\t\t\t\t\t<\/div>\n\t\t\t\t\t<\/div>\n\t\t\t\t<\/div>\n\t\t\t\t<\/div>\n\t\t","protected":false},"excerpt":{"rendered":"<p>Mentions l\u00e9gales \u00c9diteur Exploitant du site Internet Coop Protection Juridique SA Forme juridique Soci\u00e9t\u00e9 anonyme Adresse postale\/si\u00e8ge social Entfelderstrasse 2 5000 Aarau Possibilit\u00e9s de contact T\u00e9l\u00e9phone: +41 62 836 00 00 E-mail: info@cooprecht.ch IDE (num\u00e9ro d\u2019identification des entreprises) CHE-116.344.173 Autorit\u00e9 de surveillance Autorit\u00e9 f\u00e9d\u00e9rale de surveillance des march\u00e9s financiers (FINMA) Exclusion de responsabilit\u00e9\/disclaimer Les informations [&hellip;]<\/p>\n","protected":false},"author":4,"featured_media":0,"parent":0,"menu_order":0,"comment_status":"closed","ping_status":"closed","template":"","meta":{"_acf_changed":false,"inline_featured_image":false,"footnotes":""},"class_list":["post-3511","page","type-page","status-publish","hentry"],"acf":[],"yoast_head":"<!-- This site is optimized with the Yoast SEO plugin v27.3 - https:\/\/yoast.com\/product\/yoast-seo-wordpress\/ -->\n<title>Imprimer - Coop Rechtsschutz AG<\/title>\n<meta name=\"robots\" content=\"index, follow, max-snippet:-1, max-image-preview:large, max-video-preview:-1\" \/>\n<link rel=\"canonical\" href=\"https:\/\/www.cooprecht.ch\/fr\/imprimer\/\" \/>\n<meta property=\"og:locale\" content=\"fr_FR\" \/>\n<meta property=\"og:type\" content=\"article\" \/>\n<meta property=\"og:title\" content=\"Imprimer - Coop Rechtsschutz AG\" \/>\n<meta property=\"og:description\" content=\"Mentions l\u00e9gales \u00c9diteur Exploitant du site Internet Coop Protection Juridique SA Forme juridique Soci\u00e9t\u00e9 anonyme Adresse postale\/si\u00e8ge social Entfelderstrasse 2 5000 Aarau Possibilit\u00e9s de contact T\u00e9l\u00e9phone: +41 62 836 00 00 E-mail: info@cooprecht.ch IDE (num\u00e9ro d\u2019identification des entreprises) CHE-116.344.173 Autorit\u00e9 de surveillance Autorit\u00e9 f\u00e9d\u00e9rale de surveillance des march\u00e9s financiers (FINMA) Exclusion de responsabilit\u00e9\/disclaimer Les informations [&hellip;]\" \/>\n<meta property=\"og:url\" content=\"https:\/\/www.cooprecht.ch\/fr\/imprimer\/\" \/>\n<meta property=\"og:site_name\" content=\"Coop Rechtsschutz AG\" \/>\n<meta property=\"article:modified_time\" content=\"2026-04-07T11:58:03+00:00\" \/>\n<meta name=\"twitter:card\" content=\"summary_large_image\" \/>\n<meta name=\"twitter:label1\" content=\"Dur\u00e9e de lecture estim\u00e9e\" \/>\n\t<meta name=\"twitter:data1\" content=\"1 minute\" \/>\n<script type=\"application\/ld+json\" class=\"yoast-schema-graph\">{\"@context\":\"https:\\\/\\\/schema.org\",\"@graph\":[{\"@type\":\"WebPage\",\"@id\":\"https:\\\/\\\/www.cooprecht.ch\\\/fr\\\/imprimer\\\/\",\"url\":\"https:\\\/\\\/www.cooprecht.ch\\\/fr\\\/imprimer\\\/\",\"name\":\"Imprimer - Coop Rechtsschutz AG\",\"isPartOf\":{\"@id\":\"https:\\\/\\\/www.cooprecht.ch\\\/de\\\/#website\"},\"datePublished\":\"2026-01-05T16:34:35+00:00\",\"dateModified\":\"2026-04-07T11:58:03+00:00\",\"breadcrumb\":{\"@id\":\"https:\\\/\\\/www.cooprecht.ch\\\/fr\\\/imprimer\\\/#breadcrumb\"},\"inLanguage\":\"fr-FR\",\"potentialAction\":[{\"@type\":\"ReadAction\",\"target\":[\"https:\\\/\\\/www.cooprecht.ch\\\/fr\\\/imprimer\\\/\"]}]},{\"@type\":\"BreadcrumbList\",\"@id\":\"https:\\\/\\\/www.cooprecht.ch\\\/fr\\\/imprimer\\\/#breadcrumb\",\"itemListElement\":[{\"@type\":\"ListItem\",\"position\":1,\"name\":\"Start\",\"item\":\"https:\\\/\\\/www.cooprecht.ch\\\/de\\\/\"},{\"@type\":\"ListItem\",\"position\":2,\"name\":\"Imprimer\"}]},{\"@type\":\"WebSite\",\"@id\":\"https:\\\/\\\/www.cooprecht.ch\\\/de\\\/#website\",\"url\":\"https:\\\/\\\/www.cooprecht.ch\\\/de\\\/\",\"name\":\"Coop Rechtsschutz AG\",\"description\":\"\",\"publisher\":{\"@id\":\"https:\\\/\\\/www.cooprecht.ch\\\/de\\\/#organization\"},\"potentialAction\":[{\"@type\":\"SearchAction\",\"target\":{\"@type\":\"EntryPoint\",\"urlTemplate\":\"https:\\\/\\\/www.cooprecht.ch\\\/de\\\/?s={search_term_string}\"},\"query-input\":{\"@type\":\"PropertyValueSpecification\",\"valueRequired\":true,\"valueName\":\"search_term_string\"}}],\"inLanguage\":\"fr-FR\"},{\"@type\":\"Organization\",\"@id\":\"https:\\\/\\\/www.cooprecht.ch\\\/de\\\/#organization\",\"name\":\"Coop Rechtsschutz AG\",\"url\":\"https:\\\/\\\/www.cooprecht.ch\\\/de\\\/\",\"logo\":{\"@type\":\"ImageObject\",\"inLanguage\":\"fr-FR\",\"@id\":\"https:\\\/\\\/www.cooprecht.ch\\\/de\\\/#\\\/schema\\\/logo\\\/image\\\/\",\"url\":\"https:\\\/\\\/www.cooprecht.ch\\\/wp-content\\\/uploads\\\/2026\\\/03\\\/logo_cooprecht.webp\",\"contentUrl\":\"https:\\\/\\\/www.cooprecht.ch\\\/wp-content\\\/uploads\\\/2026\\\/03\\\/logo_cooprecht.webp\",\"width\":252,\"height\":24,\"caption\":\"Coop Rechtsschutz AG\"},\"image\":{\"@id\":\"https:\\\/\\\/www.cooprecht.ch\\\/de\\\/#\\\/schema\\\/logo\\\/image\\\/\"}}]}<\/script>\n<!-- \/ Yoast SEO plugin. -->","yoast_head_json":{"title":"Imprimer - Coop Rechtsschutz AG","robots":{"index":"index","follow":"follow","max-snippet":"max-snippet:-1","max-image-preview":"max-image-preview:large","max-video-preview":"max-video-preview:-1"},"canonical":"https:\/\/www.cooprecht.ch\/fr\/imprimer\/","og_locale":"fr_FR","og_type":"article","og_title":"Imprimer - Coop Rechtsschutz AG","og_description":"Mentions l\u00e9gales \u00c9diteur Exploitant du site Internet Coop Protection Juridique SA Forme juridique Soci\u00e9t\u00e9 anonyme Adresse postale\/si\u00e8ge social Entfelderstrasse 2 5000 Aarau Possibilit\u00e9s de contact T\u00e9l\u00e9phone: +41 62 836 00 00 E-mail: info@cooprecht.ch IDE (num\u00e9ro d\u2019identification des entreprises) CHE-116.344.173 Autorit\u00e9 de surveillance Autorit\u00e9 f\u00e9d\u00e9rale de surveillance des march\u00e9s financiers (FINMA) Exclusion de responsabilit\u00e9\/disclaimer Les informations [&hellip;]","og_url":"https:\/\/www.cooprecht.ch\/fr\/imprimer\/","og_site_name":"Coop Rechtsschutz AG","article_modified_time":"2026-04-07T11:58:03+00:00","twitter_card":"summary_large_image","twitter_misc":{"Dur\u00e9e de lecture estim\u00e9e":"1 minute"},"schema":{"@context":"https:\/\/schema.org","@graph":[{"@type":"WebPage","@id":"https:\/\/www.cooprecht.ch\/fr\/imprimer\/","url":"https:\/\/www.cooprecht.ch\/fr\/imprimer\/","name":"Imprimer - Coop Rechtsschutz AG","isPartOf":{"@id":"https:\/\/www.cooprecht.ch\/de\/#website"},"datePublished":"2026-01-05T16:34:35+00:00","dateModified":"2026-04-07T11:58:03+00:00","breadcrumb":{"@id":"https:\/\/www.cooprecht.ch\/fr\/imprimer\/#breadcrumb"},"inLanguage":"fr-FR","potentialAction":[{"@type":"ReadAction","target":["https:\/\/www.cooprecht.ch\/fr\/imprimer\/"]}]},{"@type":"BreadcrumbList","@id":"https:\/\/www.cooprecht.ch\/fr\/imprimer\/#breadcrumb","itemListElement":[{"@type":"ListItem","position":1,"name":"Start","item":"https:\/\/www.cooprecht.ch\/de\/"},{"@type":"ListItem","position":2,"name":"Imprimer"}]},{"@type":"WebSite","@id":"https:\/\/www.cooprecht.ch\/de\/#website","url":"https:\/\/www.cooprecht.ch\/de\/","name":"Coop Rechtsschutz AG","description":"","publisher":{"@id":"https:\/\/www.cooprecht.ch\/de\/#organization"},"potentialAction":[{"@type":"SearchAction","target":{"@type":"EntryPoint","urlTemplate":"https:\/\/www.cooprecht.ch\/de\/?s={search_term_string}"},"query-input":{"@type":"PropertyValueSpecification","valueRequired":true,"valueName":"search_term_string"}}],"inLanguage":"fr-FR"},{"@type":"Organization","@id":"https:\/\/www.cooprecht.ch\/de\/#organization","name":"Coop Rechtsschutz AG","url":"https:\/\/www.cooprecht.ch\/de\/","logo":{"@type":"ImageObject","inLanguage":"fr-FR","@id":"https:\/\/www.cooprecht.ch\/de\/#\/schema\/logo\/image\/","url":"https:\/\/www.cooprecht.ch\/wp-content\/uploads\/2026\/03\/logo_cooprecht.webp","contentUrl":"https:\/\/www.cooprecht.ch\/wp-content\/uploads\/2026\/03\/logo_cooprecht.webp","width":252,"height":24,"caption":"Coop Rechtsschutz AG"},"image":{"@id":"https:\/\/www.cooprecht.ch\/de\/#\/schema\/logo\/image\/"}}]}},"_links":{"self":[{"href":"https:\/\/www.cooprecht.ch\/fr\/wp-json\/wp\/v2\/pages\/3511","targetHints":{"allow":["GET"]}}],"collection":[{"href":"https:\/\/www.cooprecht.ch\/fr\/wp-json\/wp\/v2\/pages"}],"about":[{"href":"https:\/\/www.cooprecht.ch\/fr\/wp-json\/wp\/v2\/types\/page"}],"author":[{"embeddable":true,"href":"https:\/\/www.cooprecht.ch\/fr\/wp-json\/wp\/v2\/users\/4"}],"replies":[{"embeddable":true,"href":"https:\/\/www.cooprecht.ch\/fr\/wp-json\/wp\/v2\/comments?post=3511"}],"version-history":[{"count":12,"href":"https:\/\/www.cooprecht.ch\/fr\/wp-json\/wp\/v2\/pages\/3511\/revisions"}],"predecessor-version":[{"id":6512,"href":"https:\/\/www.cooprecht.ch\/fr\/wp-json\/wp\/v2\/pages\/3511\/revisions\/6512"}],"wp:attachment":[{"href":"https:\/\/www.cooprecht.ch\/fr\/wp-json\/wp\/v2\/media?parent=3511"}],"curies":[{"name":"wp","href":"https:\/\/api.w.org\/{rel}","templated":true}]}}