{"id":76,"date":"2026-01-05T16:35:05","date_gmt":"2026-01-05T16:35:05","guid":{"rendered":"https:\/\/stage-crs.ch\/?page_id=76"},"modified":"2026-04-14T12:45:31","modified_gmt":"2026-04-14T12:45:31","slug":"schlichtung-schweiz","status":"publish","type":"page","link":"https:\/\/www.cooprecht.ch\/de\/schlichtung-schweiz\/","title":{"rendered":"Schlichtung Schweiz"},"content":{"rendered":"\t\t<div data-elementor-type=\"wp-page\" data-elementor-id=\"76\" class=\"elementor elementor-76\" data-elementor-post-type=\"page\">\n\t\t\t\t<div class=\"elementor-element elementor-element-708a1d9 e-flex e-con-boxed e-con e-parent\" data-id=\"708a1d9\" data-element_type=\"container\" data-e-type=\"container\">\n\t\t\t\t\t<div class=\"e-con-inner\">\n\t\t\t\t<div class=\"elementor-element elementor-element-5a38eee elementor-widget elementor-widget-heading\" data-id=\"5a38eee\" data-element_type=\"widget\" data-e-type=\"widget\" data-widget_type=\"heading.default\">\n\t\t\t\t\t<h1 class=\"elementor-heading-title elementor-size-default\">Schlichtung Schweiz<\/h1>\t\t\t\t<\/div>\n\t\t\t\t<div class=\"elementor-element elementor-element-087e63f elementor-widget elementor-widget-text-editor\" data-id=\"087e63f\" data-element_type=\"widget\" data-e-type=\"widget\" data-widget_type=\"text-editor.default\">\n\t\t\t\t\t\t\t\t\t<p>Schlichtung Schweiz ist eine unabh\u00e4ngige, neutrale Schweizer Online-Plattform zur effizienten Kl\u00e4rung von Rechtsstreitigkeiten. Ziel ist es, durch eine einvernehmliche L\u00f6sung mit allen Parteien Rechtsfrieden zu schaffen. Dadurch kann eine gerichtliche Auseinandersetzung vermieden werden. Tr\u00e4gerin von Schlichtung Schweiz ist die Coop Rechtsschutz AG, Entfelderstrasse 2, 5000 Aarau.<\/p><p>Schlichtung Schweiz erm\u00f6glicht es, Streitigkeiten innert weniger Tage mit einem voll automatisierten Verfahren online, ortsunabh\u00e4ngig und ohne pers\u00f6nlichen Kontakt zwischen den Parteien zu l\u00f6sen.<\/p><p>F\u00fcr Fragen zu Schlichtung Schweiz steht Ihnen unser Head of Innovation &amp; LegalTech, Ioannis Martinis, gerne via E-Mail unter <a href=\"mailto:ioannis.martinis@cooprecht.ch\">ioannis.martinis@cooprecht.ch<\/a> zur Verf\u00fcgung.<\/p><p>Weitere Informationen zum Angebot finden Sie unter: <a href=\"https:\/\/schlichtungschweiz.ch\">https:\/\/schlichtungschweiz.ch<\/a><\/p>\t\t\t\t\t\t\t\t<\/div>\n\t\t\t\t\t<\/div>\n\t\t\t\t<\/div>\n\t\t\t\t<\/div>\n\t\t","protected":false},"excerpt":{"rendered":"<p>Schlichtung Schweiz Schlichtung Schweiz ist eine unabh\u00e4ngige, neutrale Schweizer Online-Plattform zur effizienten Kl\u00e4rung von Rechtsstreitigkeiten. Ziel ist es, durch eine einvernehmliche L\u00f6sung mit allen Parteien Rechtsfrieden zu schaffen. Dadurch kann eine gerichtliche Auseinandersetzung vermieden werden. Tr\u00e4gerin von Schlichtung Schweiz ist die Coop Rechtsschutz AG, Entfelderstrasse 2, 5000 Aarau. Schlichtung Schweiz erm\u00f6glicht es, Streitigkeiten innert weniger [&hellip;]<\/p>\n","protected":false},"author":2,"featured_media":0,"parent":0,"menu_order":0,"comment_status":"closed","ping_status":"closed","template":"","meta":{"_acf_changed":false,"inline_featured_image":false,"footnotes":""},"class_list":["post-76","page","type-page","status-publish","hentry"],"acf":[],"yoast_head":"<!-- This site is optimized with the Yoast SEO plugin v27.4 - https:\/\/yoast.com\/product\/yoast-seo-wordpress\/ -->\n<title>Schlichtung Schweiz - Coop Rechtsschutz AG<\/title>\n<meta name=\"robots\" content=\"index, follow, max-snippet:-1, max-image-preview:large, max-video-preview:-1\" \/>\n<link rel=\"canonical\" href=\"https:\/\/www.cooprecht.ch\/de\/schlichtung-schweiz\/\" \/>\n<meta property=\"og:locale\" content=\"de_DE\" \/>\n<meta property=\"og:type\" content=\"article\" \/>\n<meta property=\"og:title\" content=\"Schlichtung Schweiz - Coop Rechtsschutz AG\" \/>\n<meta property=\"og:description\" content=\"Schlichtung Schweiz Schlichtung Schweiz ist eine unabh\u00e4ngige, neutrale Schweizer Online-Plattform zur effizienten Kl\u00e4rung von Rechtsstreitigkeiten. Ziel ist es, durch eine einvernehmliche L\u00f6sung mit allen Parteien Rechtsfrieden zu schaffen. Dadurch kann eine gerichtliche Auseinandersetzung vermieden werden. Tr\u00e4gerin von Schlichtung Schweiz ist die Coop Rechtsschutz AG, Entfelderstrasse 2, 5000 Aarau. Schlichtung Schweiz erm\u00f6glicht es, Streitigkeiten innert weniger [&hellip;]\" \/>\n<meta property=\"og:url\" content=\"https:\/\/www.cooprecht.ch\/de\/schlichtung-schweiz\/\" \/>\n<meta property=\"og:site_name\" content=\"Coop Rechtsschutz AG\" \/>\n<meta property=\"article:modified_time\" content=\"2026-04-14T12:45:31+00:00\" \/>\n<meta name=\"twitter:card\" content=\"summary_large_image\" \/>\n<meta name=\"twitter:label1\" content=\"Gesch\u00e4tzte Lesezeit\" \/>\n\t<meta name=\"twitter:data1\" content=\"1\u00a0Minute\" \/>\n<script type=\"application\/ld+json\" class=\"yoast-schema-graph\">{\"@context\":\"https:\\\/\\\/schema.org\",\"@graph\":[{\"@type\":\"WebPage\",\"@id\":\"https:\\\/\\\/www.cooprecht.ch\\\/de\\\/schlichtung-schweiz\\\/\",\"url\":\"https:\\\/\\\/www.cooprecht.ch\\\/de\\\/schlichtung-schweiz\\\/\",\"name\":\"Schlichtung Schweiz - Coop Rechtsschutz AG\",\"isPartOf\":{\"@id\":\"https:\\\/\\\/www.cooprecht.ch\\\/de\\\/#website\"},\"datePublished\":\"2026-01-05T16:35:05+00:00\",\"dateModified\":\"2026-04-14T12:45:31+00:00\",\"breadcrumb\":{\"@id\":\"https:\\\/\\\/www.cooprecht.ch\\\/de\\\/schlichtung-schweiz\\\/#breadcrumb\"},\"inLanguage\":\"de\",\"potentialAction\":[{\"@type\":\"ReadAction\",\"target\":[\"https:\\\/\\\/www.cooprecht.ch\\\/de\\\/schlichtung-schweiz\\\/\"]}]},{\"@type\":\"BreadcrumbList\",\"@id\":\"https:\\\/\\\/www.cooprecht.ch\\\/de\\\/schlichtung-schweiz\\\/#breadcrumb\",\"itemListElement\":[{\"@type\":\"ListItem\",\"position\":1,\"name\":\"Start\",\"item\":\"https:\\\/\\\/www.cooprecht.ch\\\/de\\\/\"},{\"@type\":\"ListItem\",\"position\":2,\"name\":\"Schlichtung Schweiz\"}]},{\"@type\":\"WebSite\",\"@id\":\"https:\\\/\\\/www.cooprecht.ch\\\/de\\\/#website\",\"url\":\"https:\\\/\\\/www.cooprecht.ch\\\/de\\\/\",\"name\":\"Coop Rechtsschutz AG\",\"description\":\"\",\"publisher\":{\"@id\":\"https:\\\/\\\/www.cooprecht.ch\\\/de\\\/#organization\"},\"potentialAction\":[{\"@type\":\"SearchAction\",\"target\":{\"@type\":\"EntryPoint\",\"urlTemplate\":\"https:\\\/\\\/www.cooprecht.ch\\\/de\\\/?s={search_term_string}\"},\"query-input\":{\"@type\":\"PropertyValueSpecification\",\"valueRequired\":true,\"valueName\":\"search_term_string\"}}],\"inLanguage\":\"de\"},{\"@type\":\"Organization\",\"@id\":\"https:\\\/\\\/www.cooprecht.ch\\\/de\\\/#organization\",\"name\":\"Coop Rechtsschutz AG\",\"url\":\"https:\\\/\\\/www.cooprecht.ch\\\/de\\\/\",\"logo\":{\"@type\":\"ImageObject\",\"inLanguage\":\"de\",\"@id\":\"https:\\\/\\\/www.cooprecht.ch\\\/de\\\/#\\\/schema\\\/logo\\\/image\\\/\",\"url\":\"https:\\\/\\\/www.cooprecht.ch\\\/wp-content\\\/uploads\\\/2026\\\/03\\\/logo_cooprecht.webp\",\"contentUrl\":\"https:\\\/\\\/www.cooprecht.ch\\\/wp-content\\\/uploads\\\/2026\\\/03\\\/logo_cooprecht.webp\",\"width\":252,\"height\":24,\"caption\":\"Coop Rechtsschutz AG\"},\"image\":{\"@id\":\"https:\\\/\\\/www.cooprecht.ch\\\/de\\\/#\\\/schema\\\/logo\\\/image\\\/\"}}]}<\/script>\n<!-- \/ Yoast SEO plugin. -->","yoast_head_json":{"title":"Schlichtung Schweiz - Coop Rechtsschutz AG","robots":{"index":"index","follow":"follow","max-snippet":"max-snippet:-1","max-image-preview":"max-image-preview:large","max-video-preview":"max-video-preview:-1"},"canonical":"https:\/\/www.cooprecht.ch\/de\/schlichtung-schweiz\/","og_locale":"de_DE","og_type":"article","og_title":"Schlichtung Schweiz - Coop Rechtsschutz AG","og_description":"Schlichtung Schweiz Schlichtung Schweiz ist eine unabh\u00e4ngige, neutrale Schweizer Online-Plattform zur effizienten Kl\u00e4rung von Rechtsstreitigkeiten. Ziel ist es, durch eine einvernehmliche L\u00f6sung mit allen Parteien Rechtsfrieden zu schaffen. Dadurch kann eine gerichtliche Auseinandersetzung vermieden werden. Tr\u00e4gerin von Schlichtung Schweiz ist die Coop Rechtsschutz AG, Entfelderstrasse 2, 5000 Aarau. Schlichtung Schweiz erm\u00f6glicht es, Streitigkeiten innert weniger [&hellip;]","og_url":"https:\/\/www.cooprecht.ch\/de\/schlichtung-schweiz\/","og_site_name":"Coop Rechtsschutz AG","article_modified_time":"2026-04-14T12:45:31+00:00","twitter_card":"summary_large_image","twitter_misc":{"Gesch\u00e4tzte Lesezeit":"1\u00a0Minute"},"schema":{"@context":"https:\/\/schema.org","@graph":[{"@type":"WebPage","@id":"https:\/\/www.cooprecht.ch\/de\/schlichtung-schweiz\/","url":"https:\/\/www.cooprecht.ch\/de\/schlichtung-schweiz\/","name":"Schlichtung Schweiz - Coop Rechtsschutz AG","isPartOf":{"@id":"https:\/\/www.cooprecht.ch\/de\/#website"},"datePublished":"2026-01-05T16:35:05+00:00","dateModified":"2026-04-14T12:45:31+00:00","breadcrumb":{"@id":"https:\/\/www.cooprecht.ch\/de\/schlichtung-schweiz\/#breadcrumb"},"inLanguage":"de","potentialAction":[{"@type":"ReadAction","target":["https:\/\/www.cooprecht.ch\/de\/schlichtung-schweiz\/"]}]},{"@type":"BreadcrumbList","@id":"https:\/\/www.cooprecht.ch\/de\/schlichtung-schweiz\/#breadcrumb","itemListElement":[{"@type":"ListItem","position":1,"name":"Start","item":"https:\/\/www.cooprecht.ch\/de\/"},{"@type":"ListItem","position":2,"name":"Schlichtung Schweiz"}]},{"@type":"WebSite","@id":"https:\/\/www.cooprecht.ch\/de\/#website","url":"https:\/\/www.cooprecht.ch\/de\/","name":"Coop Rechtsschutz AG","description":"","publisher":{"@id":"https:\/\/www.cooprecht.ch\/de\/#organization"},"potentialAction":[{"@type":"SearchAction","target":{"@type":"EntryPoint","urlTemplate":"https:\/\/www.cooprecht.ch\/de\/?s={search_term_string}"},"query-input":{"@type":"PropertyValueSpecification","valueRequired":true,"valueName":"search_term_string"}}],"inLanguage":"de"},{"@type":"Organization","@id":"https:\/\/www.cooprecht.ch\/de\/#organization","name":"Coop Rechtsschutz AG","url":"https:\/\/www.cooprecht.ch\/de\/","logo":{"@type":"ImageObject","inLanguage":"de","@id":"https:\/\/www.cooprecht.ch\/de\/#\/schema\/logo\/image\/","url":"https:\/\/www.cooprecht.ch\/wp-content\/uploads\/2026\/03\/logo_cooprecht.webp","contentUrl":"https:\/\/www.cooprecht.ch\/wp-content\/uploads\/2026\/03\/logo_cooprecht.webp","width":252,"height":24,"caption":"Coop Rechtsschutz AG"},"image":{"@id":"https:\/\/www.cooprecht.ch\/de\/#\/schema\/logo\/image\/"}}]}},"_links":{"self":[{"href":"https:\/\/www.cooprecht.ch\/de\/wp-json\/wp\/v2\/pages\/76","targetHints":{"allow":["GET"]}}],"collection":[{"href":"https:\/\/www.cooprecht.ch\/de\/wp-json\/wp\/v2\/pages"}],"about":[{"href":"https:\/\/www.cooprecht.ch\/de\/wp-json\/wp\/v2\/types\/page"}],"author":[{"embeddable":true,"href":"https:\/\/www.cooprecht.ch\/de\/wp-json\/wp\/v2\/users\/2"}],"replies":[{"embeddable":true,"href":"https:\/\/www.cooprecht.ch\/de\/wp-json\/wp\/v2\/comments?post=76"}],"version-history":[{"count":13,"href":"https:\/\/www.cooprecht.ch\/de\/wp-json\/wp\/v2\/pages\/76\/revisions"}],"predecessor-version":[{"id":6866,"href":"https:\/\/www.cooprecht.ch\/de\/wp-json\/wp\/v2\/pages\/76\/revisions\/6866"}],"wp:attachment":[{"href":"https:\/\/www.cooprecht.ch\/de\/wp-json\/wp\/v2\/media?parent=76"}],"curies":[{"name":"wp","href":"https:\/\/api.w.org\/{rel}","templated":true}]}}