{"id":72,"date":"2026-01-05T16:34:24","date_gmt":"2026-01-05T16:34:24","guid":{"rendered":"https:\/\/stage-crs.ch\/?page_id=72"},"modified":"2026-03-17T12:47:07","modified_gmt":"2026-03-17T12:47:07","slug":"information-zur-versicherungsvermittlung","status":"publish","type":"page","link":"https:\/\/www.cooprecht.ch\/de\/information-zur-versicherungsvermittlung\/","title":{"rendered":"Information zur Versicherungsvermittlung"},"content":{"rendered":"\t\t<div data-elementor-type=\"wp-page\" data-elementor-id=\"72\" class=\"elementor elementor-72\" data-elementor-post-type=\"page\">\n\t\t\t\t<div class=\"elementor-element elementor-element-cea30bd e-flex e-con-boxed e-con e-parent\" data-id=\"cea30bd\" data-element_type=\"container\" data-e-type=\"container\">\n\t\t\t\t\t<div class=\"e-con-inner\">\n\t\t\t\t<div class=\"elementor-element elementor-element-56bcab6 elementor-widget elementor-widget-text-editor\" data-id=\"56bcab6\" data-element_type=\"widget\" data-e-type=\"widget\" data-widget_type=\"text-editor.default\">\n\t\t\t\t\t\t\t\t\t<p>Gem\u00e4ss Art. 45 des Versicherungsaufsichtsgesetzes VAG<\/p>\t\t\t\t\t\t\t\t<\/div>\n\t\t\t\t<div class=\"elementor-element elementor-element-c902b07 elementor-widget elementor-widget-heading\" data-id=\"c902b07\" data-element_type=\"widget\" data-e-type=\"widget\" data-widget_type=\"heading.default\">\n\t\t\t\t\t<h2 class=\"elementor-heading-title elementor-size-default\">Information zur Versicherungsvermittlung<\/h2>\t\t\t\t<\/div>\n\t\t\t\t<div class=\"elementor-element elementor-element-93e75fc elementor-widget elementor-widget-text-editor\" data-id=\"93e75fc\" data-element_type=\"widget\" data-e-type=\"widget\" data-widget_type=\"text-editor.default\">\n\t\t\t\t\t\t\t\t\t<p>Sie werden von einer Mitarbeiterin bzw. einem Mitarbeiter der Coop Rechtsschutz AG, Entfelderstrasse 2, Aarau, beraten. Diese\/ dieser ist erm\u00e4chtigt, Ihnen von der Coop Rechtsschutz AG oder deren Kooperationspartnern angebotene Rechtsschutzversicherungsprodukte zu vermitteln (als sogenannt gebundene Vermittlerin). Zus\u00e4tzlich ist Ihre Beratungsperson befugt, Ihnen Kontakte zu unseren Kooperationspartnern mitzuteilen oder herzustellen.\u2028<\/p><p>Unsere Beratungspersonen erf\u00fcllen die aufsichtsrechtlichen Anforderungen an die Aus- und Weiterbildung von Versicherungsvermittlerinnen und \u2013vermittlern. Bei Bedarf k\u00f6nnen wir Sie \u00fcber die konkreten Aus- und Weiterbildungen Ihrer Beratungsperson orientieren.\u2028<\/p><p>Bei Haftungsfragen im Zusammenhang mit der Vermittlung der erw\u00e4hnten Produkte wenden Sie sich bitte an Coop Rechtsschutz AG, General Counsel, Entfelderstrasse 2, 5000 Aarau, oder an <a href=\"mailto:beschwerde@cooprecht.ch\">beschwerde@cooprecht.ch<\/a>.\u2028<\/p><p>Beachten Sie bitte auch, dass die Bearbeitung Ihrer Personendaten f\u00fcr eine auf Sie ausgerichtete Versicherungsberatung unverzichtbar ist. Die Coop Rechtsschutz AG ben\u00f6tigt f\u00fcr die bedarfsgerechte Beratung und Betreuung, die Antragsbearbeitung, die Vertrags- und Schadenabwicklung Ihre Personendaten und allenfalls auch Personendaten von am Vertrag beteiligten Personen. Unsere Mitarbeitenden sind verpflichtet, die Bestimmungen der schweizerischen Datenschutzgesetzgebung einzuhalten. Weiteres zum Datenschutz der Coop Rechtsschutz AG erfahren Sie\u00a0<a href=\"https:\/\/www.cooprecht.ch\/de\/datenschutzerklaerung\">hier<\/a>.<\/p>\t\t\t\t\t\t\t\t<\/div>\n\t\t\t\t\t<\/div>\n\t\t\t\t<\/div>\n\t\t\t\t<\/div>\n\t\t","protected":false},"excerpt":{"rendered":"<p>Gem\u00e4ss Art. 45 des Versicherungsaufsichtsgesetzes VAG Information zur Versicherungsvermittlung Sie werden von einer Mitarbeiterin bzw. einem Mitarbeiter der Coop Rechtsschutz AG, Entfelderstrasse 2, Aarau, beraten. Diese\/ dieser ist erm\u00e4chtigt, Ihnen von der Coop Rechtsschutz AG oder deren Kooperationspartnern angebotene Rechtsschutzversicherungsprodukte zu vermitteln (als sogenannt gebundene Vermittlerin). Zus\u00e4tzlich ist Ihre Beratungsperson befugt, Ihnen Kontakte zu unseren [&hellip;]<\/p>\n","protected":false},"author":2,"featured_media":0,"parent":0,"menu_order":0,"comment_status":"closed","ping_status":"closed","template":"","meta":{"_acf_changed":false,"inline_featured_image":false,"footnotes":""},"class_list":["post-72","page","type-page","status-publish","hentry"],"acf":[],"yoast_head":"<!-- This site is optimized with the Yoast SEO plugin v27.3 - https:\/\/yoast.com\/product\/yoast-seo-wordpress\/ -->\n<title>Information zur Versicherungsvermittlung - Coop Rechtsschutz AG<\/title>\n<meta name=\"robots\" content=\"index, follow, max-snippet:-1, max-image-preview:large, max-video-preview:-1\" \/>\n<link rel=\"canonical\" href=\"https:\/\/www.cooprecht.ch\/de\/information-zur-versicherungsvermittlung\/\" \/>\n<meta property=\"og:locale\" content=\"de_DE\" \/>\n<meta property=\"og:type\" content=\"article\" \/>\n<meta property=\"og:title\" content=\"Information zur Versicherungsvermittlung - Coop Rechtsschutz AG\" \/>\n<meta property=\"og:description\" content=\"Gem\u00e4ss Art. 45 des Versicherungsaufsichtsgesetzes VAG Information zur Versicherungsvermittlung Sie werden von einer Mitarbeiterin bzw. einem Mitarbeiter der Coop Rechtsschutz AG, Entfelderstrasse 2, Aarau, beraten. Diese\/ dieser ist erm\u00e4chtigt, Ihnen von der Coop Rechtsschutz AG oder deren Kooperationspartnern angebotene Rechtsschutzversicherungsprodukte zu vermitteln (als sogenannt gebundene Vermittlerin). Zus\u00e4tzlich ist Ihre Beratungsperson befugt, Ihnen Kontakte zu unseren [&hellip;]\" \/>\n<meta property=\"og:url\" content=\"https:\/\/www.cooprecht.ch\/de\/information-zur-versicherungsvermittlung\/\" \/>\n<meta property=\"og:site_name\" content=\"Coop Rechtsschutz AG\" \/>\n<meta property=\"article:modified_time\" content=\"2026-03-17T12:47:07+00:00\" \/>\n<meta name=\"twitter:card\" content=\"summary_large_image\" \/>\n<meta name=\"twitter:label1\" content=\"Gesch\u00e4tzte Lesezeit\" \/>\n\t<meta name=\"twitter:data1\" content=\"1\u00a0Minute\" \/>\n<script type=\"application\/ld+json\" class=\"yoast-schema-graph\">{\"@context\":\"https:\\\/\\\/schema.org\",\"@graph\":[{\"@type\":\"WebPage\",\"@id\":\"https:\\\/\\\/www.cooprecht.ch\\\/de\\\/information-zur-versicherungsvermittlung\\\/\",\"url\":\"https:\\\/\\\/www.cooprecht.ch\\\/de\\\/information-zur-versicherungsvermittlung\\\/\",\"name\":\"Information zur Versicherungsvermittlung - Coop Rechtsschutz AG\",\"isPartOf\":{\"@id\":\"https:\\\/\\\/www.cooprecht.ch\\\/de\\\/#website\"},\"datePublished\":\"2026-01-05T16:34:24+00:00\",\"dateModified\":\"2026-03-17T12:47:07+00:00\",\"breadcrumb\":{\"@id\":\"https:\\\/\\\/www.cooprecht.ch\\\/de\\\/information-zur-versicherungsvermittlung\\\/#breadcrumb\"},\"inLanguage\":\"de\",\"potentialAction\":[{\"@type\":\"ReadAction\",\"target\":[\"https:\\\/\\\/www.cooprecht.ch\\\/de\\\/information-zur-versicherungsvermittlung\\\/\"]}]},{\"@type\":\"BreadcrumbList\",\"@id\":\"https:\\\/\\\/www.cooprecht.ch\\\/de\\\/information-zur-versicherungsvermittlung\\\/#breadcrumb\",\"itemListElement\":[{\"@type\":\"ListItem\",\"position\":1,\"name\":\"Start\",\"item\":\"https:\\\/\\\/www.cooprecht.ch\\\/de\\\/\"},{\"@type\":\"ListItem\",\"position\":2,\"name\":\"Information zur Versicherungsvermittlung\"}]},{\"@type\":\"WebSite\",\"@id\":\"https:\\\/\\\/www.cooprecht.ch\\\/de\\\/#website\",\"url\":\"https:\\\/\\\/www.cooprecht.ch\\\/de\\\/\",\"name\":\"Coop Rechtsschutz AG\",\"description\":\"\",\"publisher\":{\"@id\":\"https:\\\/\\\/www.cooprecht.ch\\\/de\\\/#organization\"},\"potentialAction\":[{\"@type\":\"SearchAction\",\"target\":{\"@type\":\"EntryPoint\",\"urlTemplate\":\"https:\\\/\\\/www.cooprecht.ch\\\/de\\\/?s={search_term_string}\"},\"query-input\":{\"@type\":\"PropertyValueSpecification\",\"valueRequired\":true,\"valueName\":\"search_term_string\"}}],\"inLanguage\":\"de\"},{\"@type\":\"Organization\",\"@id\":\"https:\\\/\\\/www.cooprecht.ch\\\/de\\\/#organization\",\"name\":\"Coop Rechtsschutz AG\",\"url\":\"https:\\\/\\\/www.cooprecht.ch\\\/de\\\/\",\"logo\":{\"@type\":\"ImageObject\",\"inLanguage\":\"de\",\"@id\":\"https:\\\/\\\/www.cooprecht.ch\\\/de\\\/#\\\/schema\\\/logo\\\/image\\\/\",\"url\":\"https:\\\/\\\/www.cooprecht.ch\\\/wp-content\\\/uploads\\\/2026\\\/03\\\/logo_cooprecht.webp\",\"contentUrl\":\"https:\\\/\\\/www.cooprecht.ch\\\/wp-content\\\/uploads\\\/2026\\\/03\\\/logo_cooprecht.webp\",\"width\":252,\"height\":24,\"caption\":\"Coop Rechtsschutz AG\"},\"image\":{\"@id\":\"https:\\\/\\\/www.cooprecht.ch\\\/de\\\/#\\\/schema\\\/logo\\\/image\\\/\"}}]}<\/script>\n<!-- \/ Yoast SEO plugin. -->","yoast_head_json":{"title":"Information zur Versicherungsvermittlung - Coop Rechtsschutz AG","robots":{"index":"index","follow":"follow","max-snippet":"max-snippet:-1","max-image-preview":"max-image-preview:large","max-video-preview":"max-video-preview:-1"},"canonical":"https:\/\/www.cooprecht.ch\/de\/information-zur-versicherungsvermittlung\/","og_locale":"de_DE","og_type":"article","og_title":"Information zur Versicherungsvermittlung - Coop Rechtsschutz AG","og_description":"Gem\u00e4ss Art. 45 des Versicherungsaufsichtsgesetzes VAG Information zur Versicherungsvermittlung Sie werden von einer Mitarbeiterin bzw. einem Mitarbeiter der Coop Rechtsschutz AG, Entfelderstrasse 2, Aarau, beraten. Diese\/ dieser ist erm\u00e4chtigt, Ihnen von der Coop Rechtsschutz AG oder deren Kooperationspartnern angebotene Rechtsschutzversicherungsprodukte zu vermitteln (als sogenannt gebundene Vermittlerin). Zus\u00e4tzlich ist Ihre Beratungsperson befugt, Ihnen Kontakte zu unseren [&hellip;]","og_url":"https:\/\/www.cooprecht.ch\/de\/information-zur-versicherungsvermittlung\/","og_site_name":"Coop Rechtsschutz AG","article_modified_time":"2026-03-17T12:47:07+00:00","twitter_card":"summary_large_image","twitter_misc":{"Gesch\u00e4tzte Lesezeit":"1\u00a0Minute"},"schema":{"@context":"https:\/\/schema.org","@graph":[{"@type":"WebPage","@id":"https:\/\/www.cooprecht.ch\/de\/information-zur-versicherungsvermittlung\/","url":"https:\/\/www.cooprecht.ch\/de\/information-zur-versicherungsvermittlung\/","name":"Information zur Versicherungsvermittlung - Coop Rechtsschutz AG","isPartOf":{"@id":"https:\/\/www.cooprecht.ch\/de\/#website"},"datePublished":"2026-01-05T16:34:24+00:00","dateModified":"2026-03-17T12:47:07+00:00","breadcrumb":{"@id":"https:\/\/www.cooprecht.ch\/de\/information-zur-versicherungsvermittlung\/#breadcrumb"},"inLanguage":"de","potentialAction":[{"@type":"ReadAction","target":["https:\/\/www.cooprecht.ch\/de\/information-zur-versicherungsvermittlung\/"]}]},{"@type":"BreadcrumbList","@id":"https:\/\/www.cooprecht.ch\/de\/information-zur-versicherungsvermittlung\/#breadcrumb","itemListElement":[{"@type":"ListItem","position":1,"name":"Start","item":"https:\/\/www.cooprecht.ch\/de\/"},{"@type":"ListItem","position":2,"name":"Information zur Versicherungsvermittlung"}]},{"@type":"WebSite","@id":"https:\/\/www.cooprecht.ch\/de\/#website","url":"https:\/\/www.cooprecht.ch\/de\/","name":"Coop Rechtsschutz AG","description":"","publisher":{"@id":"https:\/\/www.cooprecht.ch\/de\/#organization"},"potentialAction":[{"@type":"SearchAction","target":{"@type":"EntryPoint","urlTemplate":"https:\/\/www.cooprecht.ch\/de\/?s={search_term_string}"},"query-input":{"@type":"PropertyValueSpecification","valueRequired":true,"valueName":"search_term_string"}}],"inLanguage":"de"},{"@type":"Organization","@id":"https:\/\/www.cooprecht.ch\/de\/#organization","name":"Coop Rechtsschutz AG","url":"https:\/\/www.cooprecht.ch\/de\/","logo":{"@type":"ImageObject","inLanguage":"de","@id":"https:\/\/www.cooprecht.ch\/de\/#\/schema\/logo\/image\/","url":"https:\/\/www.cooprecht.ch\/wp-content\/uploads\/2026\/03\/logo_cooprecht.webp","contentUrl":"https:\/\/www.cooprecht.ch\/wp-content\/uploads\/2026\/03\/logo_cooprecht.webp","width":252,"height":24,"caption":"Coop Rechtsschutz AG"},"image":{"@id":"https:\/\/www.cooprecht.ch\/de\/#\/schema\/logo\/image\/"}}]}},"_links":{"self":[{"href":"https:\/\/www.cooprecht.ch\/de\/wp-json\/wp\/v2\/pages\/72","targetHints":{"allow":["GET"]}}],"collection":[{"href":"https:\/\/www.cooprecht.ch\/de\/wp-json\/wp\/v2\/pages"}],"about":[{"href":"https:\/\/www.cooprecht.ch\/de\/wp-json\/wp\/v2\/types\/page"}],"author":[{"embeddable":true,"href":"https:\/\/www.cooprecht.ch\/de\/wp-json\/wp\/v2\/users\/2"}],"replies":[{"embeddable":true,"href":"https:\/\/www.cooprecht.ch\/de\/wp-json\/wp\/v2\/comments?post=72"}],"version-history":[{"count":14,"href":"https:\/\/www.cooprecht.ch\/de\/wp-json\/wp\/v2\/pages\/72\/revisions"}],"predecessor-version":[{"id":4547,"href":"https:\/\/www.cooprecht.ch\/de\/wp-json\/wp\/v2\/pages\/72\/revisions\/4547"}],"wp:attachment":[{"href":"https:\/\/www.cooprecht.ch\/de\/wp-json\/wp\/v2\/media?parent=72"}],"curies":[{"name":"wp","href":"https:\/\/api.w.org\/{rel}","templated":true}]}}